{"id":39,"date":"2021-10-13T07:39:56","date_gmt":"2021-10-13T07:39:56","guid":{"rendered":"https:\/\/fincosoft.be\/about\/"},"modified":"2025-07-07T12:23:04","modified_gmt":"2025-07-07T12:23:04","slug":"about","status":"publish","type":"page","link":"https:\/\/fincosoft.be\/?page_id=39","title":{"rendered":"Expertise"},"content":{"rendered":"\n<p class=\"has-large-font-size\"><strong><span class=\"has-inline-color has-vivid-cyan-blue-color\">Ons bedrijf<\/span><\/strong><\/p>\n\n\n\n<p><\/p>\n\n\n\n<p><br><strong>Soepele service<br><\/strong>Wij hebben reeds meer dan 15 jaar ervaring in de IT-sector.  Met onze klanten streven we steeds naar een langdurige relatie. &nbsp; Als verdeler en integrator van business software kan u daardoor optimaal van onze expertise genieten en altijd rekenen op&nbsp;de nodige consultancy en ondersteuning.   <\/p>\n\n\n\n<p><\/p>\n\n\n\n<p class=\"has-large-font-size\"><strong><span class=\"has-inline-color has-vivid-cyan-blue-color\">Notre Entreprise<\/span><\/strong><\/p>\n\n\n\n<p><br><strong>Service souple<br><\/strong>Nous avons d\u00e9j\u00e0 plus de 15 ans d\u2019exp\u00e9rience dans le secteur informatique.  Avec nos clients nous construisons une relation durable.\u00a0\u00a0Nous sommes distributeur et int\u00e9grateur de solutions comptable et de gestion. Vous b\u00e9n\u00e9ficiez ainsi de notre expertise de mani\u00e8re optimale avec nos conseils et notre soutien sur mesure.                                                                                                                                                                                                           <\/p>\n\n\n\n<p class=\"has-text-align-center\">                         &#8212;&#8212;&#8212;&#8212;&#8212;&#8212;&#8212;&#8212;&#8212;&#8212;&#8212;&#8212;&#8212;&#8212;&#8212;&#8212;&#8212;&#8212;&#8212;&#8212;&#8212;&#8212;&#8212;&#8212;&#8212;&#8212;&#8212;&#8212;&#8212;&#8212;-<\/p>\n\n\n\n<blockquote class=\"wp-block-quote is-layout-flow wp-block-quote-is-layout-flow\">\n<div class=\"wp-block-group\"><div class=\"wp-block-group__inner-container is-layout-constrained wp-block-group-is-layout-constrained\"><div class=\"wp-block-image is-style-default\">\n<figure class=\"aligncenter size-full is-resized\"><img loading=\"lazy\" decoding=\"async\" width=\"700\" height=\"143\" src=\"https:\/\/fincosoft.be\/wp-content\/uploads\/2021\/10\/WIN-Logo-exact-3.png\" alt=\"\" class=\"wp-image-142\" style=\"width:298px;height:61px\" srcset=\"https:\/\/fincosoft.be\/wp-content\/uploads\/2021\/10\/WIN-Logo-exact-3.png 700w, https:\/\/fincosoft.be\/wp-content\/uploads\/2021\/10\/WIN-Logo-exact-3-300x61.png 300w\" sizes=\"auto, (max-width: 700px) 100vw, 700px\" \/><\/figure>\n<\/div><\/div><\/div>\n<\/blockquote>\n\n\n\n<p><strong>WinBooks<\/strong>&nbsp;is de referentie in flexibele financi\u00eble businesssoftware voor zelfstandige ondernemer, kmo\u2019s en boekhoudkantoren. Sinds 2000 overtuigde WinBooks reeds tienduizenden gebruiker en de software viel meer dan eens in de prijzen.<\/p>\n\n\n\n<p><strong>WinBooks&nbsp;<\/strong>est la solution financi\u00e9re flexible par excellence pour les ind\u00e9pendants, PME, et fiduciaires. Depuis 2000, WinBooks est s\u00e9lectionn\u00e9 par plusieurs dizaines de milliers d\u2019utilisateurs et les logiciels sont r\u00e9guli\u00e9rement prim\u00e9s.<\/p>\n\n\n\n<blockquote class=\"wp-block-quote is-layout-flow wp-block-quote-is-layout-flow\">\n<figure class=\"wp-block-image size-full\"><img loading=\"lazy\" decoding=\"async\" width=\"910\" height=\"361\" src=\"https:\/\/fincosoft.be\/wp-content\/uploads\/2023\/05\/22.05.2023_17.42.52_REC.png\" alt=\"\" class=\"wp-image-184\" srcset=\"https:\/\/fincosoft.be\/wp-content\/uploads\/2023\/05\/22.05.2023_17.42.52_REC.png 910w, https:\/\/fincosoft.be\/wp-content\/uploads\/2023\/05\/22.05.2023_17.42.52_REC-300x119.png 300w, https:\/\/fincosoft.be\/wp-content\/uploads\/2023\/05\/22.05.2023_17.42.52_REC-768x305.png 768w\" sizes=\"auto, (max-width: 910px) 100vw, 910px\" \/><\/figure>\n\n\n\n<p>.<\/p>\n\n\n\n<figure class=\"wp-block-image size-full is-resized\"><img loading=\"lazy\" decoding=\"async\" width=\"139\" height=\"42\" src=\"https:\/\/fincosoft.be\/wp-content\/uploads\/2023\/05\/exact-6.jpg\" alt=\"\" class=\"wp-image-192\" style=\"width:287px;height:87px\"\/><\/figure>\n<\/blockquote>\n\n\n<div class=\"wp-block-image\">\n<figure class=\"alignright size-full\"><img loading=\"lazy\" decoding=\"async\" width=\"524\" height=\"515\" src=\"https:\/\/fincosoft.be\/wp-content\/uploads\/2023\/05\/xxx-1.png\" alt=\"\" class=\"wp-image-190\" srcset=\"https:\/\/fincosoft.be\/wp-content\/uploads\/2023\/05\/xxx-1.png 524w, https:\/\/fincosoft.be\/wp-content\/uploads\/2023\/05\/xxx-1-300x295.png 300w\" sizes=\"auto, (max-width: 524px) 100vw, 524px\" \/><\/figure>\n<\/div>\n\n\n<p>Met <strong>Exact<\/strong> voer je administratieve taken effici\u00ebnt uit en profiteer je van slimme automatisering. Wie werkt met online accountancy software cre\u00ebert ruimte voor differentiatie, nieuwe verdienmodellen en groei.                                           <\/p>\n\n\n\n<p class=\"has-text-align-left\">Avec <strong>Exact<\/strong> effectuez des t\u00e2ches administratives efficacement et b\u00e9n\u00e9ficiez d&#8217;une automatisation intelligente. Travailler avec un logiciel de comptabilit\u00e9 en ligne cr\u00e9e une marge de diff\u00e9renciation, de nouveaux mod\u00e8les de revenus et de croissance.<\/p>\n\n\n\n<p><\/p>\n\n\n\n<p><\/p>\n\n\n\n<p><\/p>\n\n\n<div class=\"wp-block-image is-style-rounded\">\n<figure class=\"aligncenter size-full is-resized\"><img loading=\"lazy\" decoding=\"async\" width=\"180\" height=\"62\" src=\"https:\/\/fincosoft.be\/wp-content\/uploads\/2021\/10\/mercator-logo-5.jpg\" alt=\"\" class=\"wp-image-157\" style=\"width:306px;height:105px\"\/><\/figure>\n<\/div>\n\n\n<p><strong>Mercator<\/strong>&nbsp;is een&nbsp;<strong>beheersoftware<\/strong>&nbsp;die voldoet aan alle behoeften van een onderneming op het vlak van beheer:&nbsp;<em>Commercieel beheer, e-commerce en CRM (beheer van de klantrelatie).<\/em><br>Mercator is dus een&nbsp;<strong>ERP<\/strong>: al deze functionaliteiten zijn in eenzelfde software gebundeld.<\/p>\n\n\n\n<p><strong>Mercator&nbsp;<\/strong>est un&nbsp;<strong>logiciel de gestion<\/strong>&nbsp;qui couvre l\u2019ensemble des besoins d\u2019une entreprise en termes de gestion:&nbsp;<em>gestion commerciale, e-commerce et CRM (gestion de la relation client)<\/em>.<br>Mercator est donc un&nbsp;<strong>ERP<\/strong>: Toutes cest fonctionnalit\u00e9s sont int\u00e9gr\u00e9es en un seul et m\u00eame logiciel.<\/p>\n\n\n\n<figure class=\"wp-block-image size-full is-style-default\"><img loading=\"lazy\" decoding=\"async\" width=\"760\" height=\"557\" src=\"https:\/\/fincosoft.be\/wp-content\/uploads\/2021\/10\/1503224010-1-1.jpg\" alt=\"\" class=\"wp-image-160\" srcset=\"https:\/\/fincosoft.be\/wp-content\/uploads\/2021\/10\/1503224010-1-1.jpg 760w, https:\/\/fincosoft.be\/wp-content\/uploads\/2021\/10\/1503224010-1-1-300x220.jpg 300w\" sizes=\"auto, (max-width: 760px) 100vw, 760px\" \/><\/figure>\n","protected":false},"excerpt":{"rendered":"<p>Ons bedrijf Soepele serviceWij hebben reeds meer dan 15 jaar ervaring in de IT-sector. Met onze klanten streven we steeds naar een langdurige relatie. &nbsp; Als verdeler en integrator van business software kan u daardoor optimaal van onze expertise genieten en altijd rekenen op&nbsp;de nodige consultancy en ondersteuning. Notre Entreprise Service soupleNous avons d\u00e9j\u00e0 plus<\/p><\/div>\n<div class=\"blog-btn\"><a href=\"https:\/\/fincosoft.be\/?page_id=39\" class=\"home-blog-btn\">Read More<\/a><\/p>\n","protected":false},"author":1,"featured_media":0,"parent":0,"menu_order":0,"comment_status":"closed","ping_status":"closed","template":"template\/template-about.php","meta":{"footnotes":""},"class_list":["post-39","page","type-page","status-publish","hentry"],"_links":{"self":[{"href":"https:\/\/fincosoft.be\/index.php?rest_route=\/wp\/v2\/pages\/39","targetHints":{"allow":["GET"]}}],"collection":[{"href":"https:\/\/fincosoft.be\/index.php?rest_route=\/wp\/v2\/pages"}],"about":[{"href":"https:\/\/fincosoft.be\/index.php?rest_route=\/wp\/v2\/types\/page"}],"author":[{"embeddable":true,"href":"https:\/\/fincosoft.be\/index.php?rest_route=\/wp\/v2\/users\/1"}],"replies":[{"embeddable":true,"href":"https:\/\/fincosoft.be\/index.php?rest_route=%2Fwp%2Fv2%2Fcomments&post=39"}],"version-history":[{"count":24,"href":"https:\/\/fincosoft.be\/index.php?rest_route=\/wp\/v2\/pages\/39\/revisions"}],"predecessor-version":[{"id":210,"href":"https:\/\/fincosoft.be\/index.php?rest_route=\/wp\/v2\/pages\/39\/revisions\/210"}],"wp:attachment":[{"href":"https:\/\/fincosoft.be\/index.php?rest_route=%2Fwp%2Fv2%2Fmedia&parent=39"}],"curies":[{"name":"wp","href":"https:\/\/api.w.org\/{rel}","templated":true}]}}