{"id":115,"date":"2021-10-21T16:41:47","date_gmt":"2021-10-21T16:41:47","guid":{"rendered":"https:\/\/fincosoft.be\/?page_id=115"},"modified":"2022-09-21T13:11:04","modified_gmt":"2022-09-21T13:11:04","slug":"documents","status":"publish","type":"page","link":"https:\/\/fincosoft.be\/?page_id=115","title":{"rendered":"Documents"},"content":{"rendered":"\n<blockquote class=\"wp-block-quote is-layout-flow wp-block-quote-is-layout-flow\"><p><strong><span class=\"has-inline-color has-vivid-cyan-blue-color\">Onderhoudscontracten<\/span><\/strong><\/p><cite>De door ons verdeelde software is verbonden aan een jaarlijks onderhoudscontract door de uitgever van de software. Dit geeft de gebruiker recht op de updates om een goede werking van de software te verzekeren.<br>Een stopzetting van het onderhoudscontract dient schriftelijk meegedeeld te worden en dit drie maanden voor de jaarlijkse vervaldag<\/cite><\/blockquote>\n\n\n\n<blockquote class=\"wp-block-quote is-layout-flow wp-block-quote-is-layout-flow\"><p><mark style=\"background-color:rgba(0, 0, 0, 0)\" class=\"has-inline-color has-vivid-cyan-blue-color\"><strong>Contrat de mise \u00e0 jour<\/strong><\/mark><\/p><cite>Les applications que nous distrubuons sont soumises \u00e0 un contrat de maintenance annuel \u00e9mis par l\u2019\u00e9diteur de software.<br>Ceci donne \u00e0 l\u2019utilisateur ou client final le droit aux mises-\u00e0-jour et garantit le bon fonctionnement du software en question. L\u2019arret d\u2019un contrat de maintenance par le client doit \u00eatre communiqu\u00e9 express\u00e9ment par \u00e9crit et 3 mois avant la d ate \u00e9ch\u00e9ance annuelle.<\/cite><\/blockquote>\n\n\n\n<blockquote class=\"wp-block-quote is-layout-flow wp-block-quote-is-layout-flow\"><p><\/p><\/blockquote>\n\n\n\n<div class=\"wp-block-file\"><a id=\"wp-block-file--media-b4bafa54-3538-4581-a7f7-e2a174b4b1f7\" href=\"https:\/\/fincosoft.be\/wp-content\/uploads\/2021\/10\/Algemene-verkoopsvoorwaarden.pdf\" target=\"_blank\" rel=\"noreferrer noopener\">Verkoopsvoorwaarden &#8211; Conditions de vente<\/a><a href=\"https:\/\/fincosoft.be\/wp-content\/uploads\/2021\/10\/Algemene-verkoopsvoorwaarden.pdf\" class=\"wp-block-file__button\" download aria-describedby=\"wp-block-file--media-b4bafa54-3538-4581-a7f7-e2a174b4b1f7\">Download<\/a><\/div>\n\n\n\n<p><\/p>\n","protected":false},"excerpt":{"rendered":"<p>Onderhoudscontracten De door ons verdeelde software is verbonden aan een jaarlijks onderhoudscontract door de uitgever van de software. Dit geeft de gebruiker recht op de updates om een goede werking van de software te verzekeren.Een stopzetting van het onderhoudscontract dient schriftelijk meegedeeld te worden en dit drie maanden voor de jaarlijkse vervaldag Contrat de mise<\/p><\/div>\n<div class=\"blog-btn\"><a href=\"https:\/\/fincosoft.be\/?page_id=115\" class=\"home-blog-btn\">Read More<\/a><\/p>\n","protected":false},"author":1,"featured_media":0,"parent":0,"menu_order":0,"comment_status":"closed","ping_status":"closed","template":"","meta":{"footnotes":""},"class_list":["post-115","page","type-page","status-publish","hentry"],"_links":{"self":[{"href":"https:\/\/fincosoft.be\/index.php?rest_route=\/wp\/v2\/pages\/115","targetHints":{"allow":["GET"]}}],"collection":[{"href":"https:\/\/fincosoft.be\/index.php?rest_route=\/wp\/v2\/pages"}],"about":[{"href":"https:\/\/fincosoft.be\/index.php?rest_route=\/wp\/v2\/types\/page"}],"author":[{"embeddable":true,"href":"https:\/\/fincosoft.be\/index.php?rest_route=\/wp\/v2\/users\/1"}],"replies":[{"embeddable":true,"href":"https:\/\/fincosoft.be\/index.php?rest_route=%2Fwp%2Fv2%2Fcomments&post=115"}],"version-history":[{"count":6,"href":"https:\/\/fincosoft.be\/index.php?rest_route=\/wp\/v2\/pages\/115\/revisions"}],"predecessor-version":[{"id":171,"href":"https:\/\/fincosoft.be\/index.php?rest_route=\/wp\/v2\/pages\/115\/revisions\/171"}],"wp:attachment":[{"href":"https:\/\/fincosoft.be\/index.php?rest_route=%2Fwp%2Fv2%2Fmedia&parent=115"}],"curies":[{"name":"wp","href":"https:\/\/api.w.org\/{rel}","templated":true}]}}